{"id":12,"date":"2025-10-14T20:02:20","date_gmt":"2025-10-14T20:02:20","guid":{"rendered":"https:\/\/eveshelp.com\/?page_id=12"},"modified":"2025-11-26T22:34:32","modified_gmt":"2025-11-26T22:34:32","slug":"faq","status":"publish","type":"page","link":"https:\/\/eveshelp.com\/en\/faq\/","title":{"rendered":"FAQs"},"content":{"rendered":"<div class=\"wpb-content-wrapper\"><div class=\"vc_row wpb_row vc_row-fluid vc_custom_1761943628953 vc_row-has-fill\"><div class=\"wpb_column vc_column_container vc_col-sm-12 vc_col-has-fill\"><div class=\"vc_column-inner vc_custom_1761943634927\"><div class=\"wpb_wrapper\">\n\t<div class=\"wpb_text_column wpb_content_element vc_custom_1761943653920\" >\n\t\t<div class=\"wpb_wrapper\">\n\t\t\t<p style=\"text-align: center;\">At <strong>Eve\u2019s Immigration Services<\/strong>, we want you to feel informed and confident at every step of your process.<\/p>\n<p style=\"text-align: center;\">Here you will find answers to the most common questions about our services, fees, and procedures.<\/p>\n\n\t\t<\/div>\n\t<\/div>\n<\/div><\/div><\/div><\/div><div data-vc-full-width=\"true\" data-vc-full-width-temp=\"true\" data-vc-full-width-init=\"false\" class=\"vc_row wpb_row vc_row-fluid vc_custom_1761943670597 vc_row-has-fill\"><div class=\"wpb_column vc_column_container vc_col-sm-12 vc_col-has-fill\"><div class=\"vc_column-inner vc_custom_1761943677336\"><div class=\"wpb_wrapper\"><h2 style=\"color: #FFFFFF;text-align: center\" class=\"vc_custom_heading vc_do_custom_heading vc_custom_1761943689643\" >Immigration Services<\/h2><div  class=\"vc_do_toggle vc_toggle vc_toggle_default vc_toggle_color_default  vc_toggle_size_md\"><div class=\"vc_toggle_title\"><h3 style=\"font-size: 1.5rem;color: #FFFFFF;text-align: left\" class=\"vc_custom_heading vc_do_custom_heading\" >Is Eve\u2019s Immigration Services a law office?<\/h3><i class=\"vc_toggle_icon\"><\/i><\/div><div class=\"vc_toggle_content\"><p class=\"fab6k8g\" style=\"text-align: left; color: #fff;\">No.\u00a0<b>Eve is a State-Certified Immigration Consultant<\/b>, authorized to provide\u00a0<b>non-legal assistance<\/b>, assisting you in completing forms with the information you provide, gathering documents, and submitting the complete package on your behalf.<\/p>\n<\/div><\/div><div  class=\"vc_do_toggle vc_toggle vc_toggle_default vc_toggle_color_default  vc_toggle_size_md\"><div class=\"vc_toggle_title\"><h3 style=\"font-size: 1.5rem;color: #FFFFFF;text-align: left\" class=\"vc_custom_heading vc_do_custom_heading\" >What does \u2018non-legal assistance\u2019 mean?<\/h3><i class=\"vc_toggle_icon\"><\/i><\/div><div class=\"vc_toggle_content\"><p><span style=\"color: #ffffff;\">It means that we can help you fill out forms and organize your documents based on the information you provide to us.<\/span><\/p>\n<p><span style=\"color: #ffffff;\">We do not give legal advice, nor do we represent clients before USCIS or the courts.<\/span><\/p>\n<\/div><\/div><div  class=\"vc_do_toggle vc_toggle vc_toggle_default vc_toggle_color_default  vc_toggle_size_md\"><div class=\"vc_toggle_title\"><h3 style=\"font-size: 1.5rem;color: #FFFFFF;text-align: left\" class=\"vc_custom_heading vc_do_custom_heading\" >What immigration services do you offer?<\/h3><i class=\"vc_toggle_icon\"><\/i><\/div><div class=\"vc_toggle_content\"><p style=\"text-align: left; color: #fff;\"><span style=\"font-weight: 400;\">We offer assistance with a wide range of immigration procedures, including:<\/span><\/p>\n<ul style=\"color: #fff;\">\n<li style=\"font-weight: 400; text-align: left;\" aria-level=\"1\"><span style=\"font-weight: 400;\">Family-Based Petitions<\/span><span style=\"font-weight: 400;\"><br \/>\n<\/span><\/li>\n<li style=\"font-weight: 400; text-align: left;\" aria-level=\"1\"><span style=\"font-weight: 400;\">Adjustment of Status &amp; Permanent Residence<\/span><span style=\"font-weight: 400;\"><br \/>\n<\/span><\/li>\n<li style=\"font-weight: 400; text-align: left;\" aria-level=\"1\"><span style=\"font-weight: 400;\">Consular Process<\/span><span style=\"font-weight: 400;\"><br \/>\n<\/span><\/li>\n<li style=\"font-weight: 400; text-align: left;\" aria-level=\"1\"><span style=\"font-weight: 400;\">Naturalization \/ Citizenship<\/span><span style=\"font-weight: 400;\"><br \/>\n<\/span><\/li>\n<li style=\"font-weight: 400; text-align: left;\" aria-level=\"1\"><span style=\"font-weight: 400;\">DACA applications and renewals<\/span><span style=\"font-weight: 400;\"><br \/>\n<\/span><\/li>\n<li style=\"font-weight: 400; text-align: left;\" aria-level=\"1\"><span style=\"font-weight: 400;\">FOIA Record Request<\/span><span style=\"font-weight: 400;\"><br \/>\n<\/span><\/li>\n<li style=\"font-weight: 400; text-align: left;\" aria-level=\"1\"><span style=\"font-weight: 400;\">U Visa and Asylum (initial application only)<\/span><span style=\"font-weight: 400;\"><br \/>\n<\/span><\/li>\n<li style=\"font-weight: 400; text-align: left;\" aria-level=\"1\"><span style=\"font-weight: 400;\">Parole in Place.<\/span><\/li>\n<\/ul>\n<\/div><\/div><div  class=\"vc_do_toggle vc_toggle vc_toggle_default vc_toggle_color_default  vc_toggle_size_md\"><div class=\"vc_toggle_title\"><h3 style=\"font-size: 1.5rem;color: #FFFFFF;text-align: left\" class=\"vc_custom_heading vc_do_custom_heading\" >Do you work with clients outside of California?<\/h3><i class=\"vc_toggle_icon\"><\/i><\/div><div class=\"vc_toggle_content\"><p><span style=\"color: #ffffff;\">Yes. We can assist you no matter which state you are in, as long as the process is regulated by USCIS or other federal agencies.<\/span><\/p>\n<p><span style=\"color: #ffffff;\">However, LDA and notarial services apply only within the state of California.<\/span><\/p>\n<\/div><\/div><div  class=\"vc_do_toggle vc_toggle vc_toggle_default vc_toggle_color_default  vc_toggle_size_md\"><div class=\"vc_toggle_title\"><h3 style=\"font-size: 1.5rem;color: #FFFFFF;text-align: left\" class=\"vc_custom_heading vc_do_custom_heading\" >How long does an immigration process take?<\/h3><i class=\"vc_toggle_icon\"><\/i><\/div><div class=\"vc_toggle_content\"><p><span style=\"font-weight: 400; color: #fff;\">According to USCIS, processing times vary depending on the type of case, service center, and individual circumstances. Our office cannot guarantee or predict exact processing times. For the most recent estimated times, visit the official USCIS website<\/span><\/p>\n<p><a href=\"https:\/\/egov.uscis.gov\/processing-times\/\"><span style=\"font-weight: 400; color: #fff;\">https:\/\/egov.uscis.gov\/processing-times\/<\/span><\/a><\/p>\n<\/div><\/div><div  class=\"vc_do_toggle vc_toggle vc_toggle_default vc_toggle_color_default  vc_toggle_size_md\"><div class=\"vc_toggle_title\"><h3 style=\"font-size: 1.5rem;color: #FFFFFF;text-align: left\" class=\"vc_custom_heading vc_do_custom_heading\" >Do the fees include the official immigration costs?<\/h3><i class=\"vc_toggle_icon\"><\/i><\/div><div class=\"vc_toggle_content\"><p><span style=\"color: #ffffff;\">No. Eve\u2019s Immigration Services\u2019 fees cover only the professional assistance to prepare and organize your case.<\/span><\/p>\n<p><span style=\"color: #ffffff;\">The official USCIS or other agency fees (filing fees) must be paid separately to the government.<\/span><\/p>\n<\/div><\/div><\/div><\/div><\/div><\/div><div class=\"vc_row-full-width vc_clearfix\"><\/div><div class=\"vc_row wpb_row vc_row-fluid vc_custom_1763487244165 vc_row-has-fill\"><div class=\"wpb_column vc_column_container vc_col-sm-12 vc_col-has-fill\"><div class=\"vc_column-inner vc_custom_1763487251376\"><div class=\"wpb_wrapper\"><h2 style=\"text-align: center\" class=\"vc_custom_heading vc_do_custom_heading vc_custom_1763487224049\" >LDA Services (Legal Document Assistant)<\/h2><div  class=\"vc_do_toggle vc_toggle vc_toggle_default vc_toggle_color_default  vc_toggle_size_md\"><div class=\"vc_toggle_title\"><h3 style=\"font-size: 1.5rem;color: #111111;text-align: left\" class=\"vc_custom_heading vc_do_custom_heading\" >What is an LDA?<\/h3><i class=\"vc_toggle_icon\"><\/i><\/div><div class=\"vc_toggle_content\"><p>A Legal Document Assistant (LDA) is a professional registered in the state of California who can prepare legal documents at the client\u2019s request, but without providing legal advice or representation in court.<\/p>\n<\/div><\/div><div  class=\"vc_do_toggle vc_toggle vc_toggle_default vc_toggle_color_default  vc_toggle_size_md\"><div class=\"vc_toggle_title\"><h3 style=\"font-size: 1.5rem;color: #111111;text-align: left\" class=\"vc_custom_heading vc_do_custom_heading\" >What LDA services do you offer?<\/h3><i class=\"vc_toggle_icon\"><\/i><\/div><div class=\"vc_toggle_content\"><p>We assist with:<\/p>\n<ul>\n<li aria-level=\"1\">Mutual Agreement Divorce<\/li>\n<li aria-level=\"1\">Legal Name Change<\/li>\n<li aria-level=\"1\">Estate Planning \/ Wills \/ Living Trusts in California<\/li>\n<li aria-level=\"1\">Clearing Criminal Records<\/li>\n<li aria-level=\"1\">Certified translations and notarizations.<\/li>\n<li aria-level=\"1\">Fingerprinting and background checks.<\/li>\n<\/ul>\n<\/div><\/div><\/div><\/div><\/div><\/div><div data-vc-full-width=\"true\" data-vc-full-width-temp=\"true\" data-vc-full-width-init=\"false\" class=\"vc_row wpb_row vc_row-fluid vc_custom_1763487328539 vc_row-has-fill\"><div class=\"wpb_column vc_column_container vc_col-sm-12\"><div class=\"vc_column-inner\"><div class=\"wpb_wrapper\"><h2 style=\"color: #FFFFFF;text-align: center\" class=\"vc_custom_heading vc_do_custom_heading\" >Communications and Confidentiality<\/h2><div  class=\"vc_do_toggle vc_toggle vc_toggle_default vc_toggle_color_default  vc_toggle_size_md\"><div class=\"vc_toggle_title\"><h3 style=\"font-size: 1.5rem;color: #FFFFFF;text-align: left\" class=\"vc_custom_heading vc_do_custom_heading\" >Is all my information confidential?<\/h3><i class=\"vc_toggle_icon\"><\/i><\/div><div class=\"vc_toggle_content\"><p><span style=\"color: #ffffff;\">Yes. Your information is kept completely private and protected under California\u2019s confidentiality regulations.<\/span><\/p>\n<\/div><\/div><div  class=\"vc_do_toggle vc_toggle vc_toggle_default vc_toggle_color_default  vc_toggle_size_md\"><div class=\"vc_toggle_title\"><h3 style=\"font-size: 1.5rem;color: #FFFFFF;text-align: left\" class=\"vc_custom_heading vc_do_custom_heading\" >Can I contact Eve directly?<\/h3><i class=\"vc_toggle_icon\"><\/i><\/div><div class=\"vc_toggle_content\"><p><span style=\"color: #ffffff;\">Yes. Eve personally assists each client and can communicate by phone, email, or video call, depending on your preference.<\/span><\/p>\n<\/div><\/div><div  class=\"vc_do_toggle vc_toggle vc_toggle_default vc_toggle_color_default  vc_toggle_size_md\"><div class=\"vc_toggle_title\"><h3 style=\"font-size: 1.5rem;color: #FFFFFF;text-align: left\" class=\"vc_custom_heading vc_do_custom_heading\" >Can I receive help if I don\u2019t speak English?<\/h3><i class=\"vc_toggle_icon\"><\/i><\/div><div class=\"vc_toggle_content\"><p><span style=\"color: #ffffff;\">Of course! All services are offered in English and Spanish, with clear explanations and full support throughout the process.<\/span><\/p>\n<\/div><\/div><\/div><\/div><\/div><\/div><div class=\"vc_row-full-width vc_clearfix\"><\/div><div class=\"vc_row wpb_row vc_row-fluid vc_custom_1763487296150 vc_row-has-fill\"><div class=\"wpb_column vc_column_container vc_col-sm-12 vc_col-has-fill\"><div class=\"vc_column-inner vc_custom_1763487302939\"><div class=\"wpb_wrapper\"><h2 style=\"text-align: center\" class=\"vc_custom_heading vc_do_custom_heading vc_custom_1763487312891\" >Payments and Policies<\/h2><div  class=\"vc_do_toggle vc_toggle vc_toggle_default vc_toggle_color_default  vc_toggle_size_md\"><div class=\"vc_toggle_title\"><h3 style=\"font-size: 1.5rem;text-align: left\" class=\"vc_custom_heading vc_do_custom_heading\" >What payment methods are available?<\/h3><i class=\"vc_toggle_icon\"><\/i><\/div><div class=\"vc_toggle_content\"><p>We accept cash, credit cards, debit cards, wire transfers, Venmo or Zelle.<\/p>\n<p>A deposit must be made at the time of signing the service contract.<\/p>\n<\/div><\/div><div  class=\"vc_do_toggle vc_toggle vc_toggle_default vc_toggle_color_default  vc_toggle_size_md\"><div class=\"vc_toggle_title\"><h3 style=\"font-size: 1.5rem;text-align: left\" class=\"vc_custom_heading vc_do_custom_heading\" >How long do you keep my documents?<\/h3><i class=\"vc_toggle_icon\"><\/i><\/div><div class=\"vc_toggle_content\"><p>We keep digital copies of your file for up to 3 years from the date the service is completed, ensuring confidentiality and compliance with state law.<\/p>\n<\/div><\/div><\/div><\/div><\/div><\/div><div data-vc-full-width=\"true\" data-vc-full-width-temp=\"true\" data-vc-full-width-init=\"false\" class=\"vc_row wpb_row vc_row-fluid vc_custom_1762966465869 vc_row-has-fill\"><div class=\"wpb_column vc_column_container vc_col-sm-12 vc_col-has-fill\"><div class=\"vc_column-inner vc_custom_1762966832029\"><div class=\"wpb_wrapper\"><p style=\"font-size: 1.25rem;color: #575757;text-align: center\" class=\"vc_custom_heading vc_do_custom_heading vc_custom_1762966985485\" ><strong>Important Disclaimer: I am not an attorney and cannot provide legal advice. <\/strong><\/p><p style=\"font-size: 1rem;color: #575757;text-align: center\" class=\"vc_custom_heading vc_do_custom_heading vc_custom_1762966980919\" >Bond No. 100298371 \/ Alameda County LDA #174<\/p>\n\t<div class=\"wpb_text_column wpb_content_element vc_custom_1762966864537\" id=\"notice\">\n\t\t<div class=\"wpb_wrapper\">\n\t\t\t<p style=\"text-align: center; color: #575757;\">We are not attorneys. We can only provide self-help services at your specific direction. We are not a law firm and cannot represent clients, select legal forms, or provide legal advice. All services are provided at the client\u2019s request and do not substitute for the advice of an attorney.<\/p>\n\n\t\t<\/div>\n\t<\/div>\n<\/div><\/div><\/div><\/div><div class=\"vc_row-full-width vc_clearfix\"><\/div><div data-vc-full-width=\"true\" data-vc-full-width-temp=\"true\" data-vc-full-width-init=\"false\" class=\"vc_row wpb_row vc_row-fluid vc_custom_1760482032334 vc_row-has-fill\"><div class=\"wpb_column vc_column_container vc_col-sm-12 vc_col-has-fill\"><div class=\"vc_column-inner vc_custom_1760482038122\"><div class=\"wpb_wrapper\"><h2 style=\"color: #FFFFFF;text-align: center\" class=\"vc_custom_heading vc_do_custom_heading vc_custom_1760570017407\" ><strong>Ready To Get Started?<\/strong><\/h2>\n\t<div class=\"wpb_text_column wpb_content_element vc_custom_1762996373773\" >\n\t\t<div class=\"wpb_wrapper\">\n\t\t\t<p style=\"text-align: center;\"><span style=\"color: #e0e0e0;\">Book your appointment today and take the first step toward achieving your immigration goals.<\/span><\/p>\n\n\t\t<\/div>\n\t<\/div>\n<div id=\"footer-cta\" class=\"vc_row wpb_row vc_inner vc_row-fluid vc_custom_1761943717205 vc_column-gap-10 vc_row-o-equal-height vc_row-flex\"><div class=\"wpb_column vc_column_container vc_col-sm-6 vc_col-has-fill\"><div class=\"vc_column-inner vc_custom_1760473560177\"><div class=\"wpb_wrapper\"><div class=\"vc_btn3-container  main-btn vc_btn3-center vc_custom_1764196473168 vc_do_btn\" ><a style=\"background-color:#F54A00; color:#FFFFFF;\" class=\"vc_general vc_btn3 vc_btn3-size-md vc_btn3-shape-rounded vc_btn3-style-custom vc_btn3-block\" href=\"https:\/\/eveshelp.com\/en\/schedule-an-appointment\/\" title=\"Schedule an Appointment\">Schedule an Appointment<\/a><\/div><\/div><\/div><\/div><div class=\"wpb_column vc_column_container vc_col-sm-6 vc_col-has-fill\"><div class=\"vc_column-inner vc_custom_1760473566319\"><div class=\"wpb_wrapper\"><div class=\"vc_btn3-container  alt-btn vc_btn3-center vc_custom_1760570062150 vc_do_btn\" ><button onmouseleave=\"this.style.borderColor='#FFFFFF'; this.style.backgroundColor='transparent'; this.style.color='#FFFFFF'\" onmouseenter=\"this.style.borderColor='#F54A00'; this.style.backgroundColor='#F54A00'; this.style.color='#FFFFFF';\" style=\"border-color:#FFFFFF; color:#FFFFFF;\" class=\"vc_general vc_btn3 vc_btn3-size-md vc_btn3-shape-rounded vc_btn3-style-outline-custom vc_btn3-block\">(510) 556-4015<\/button><\/div><\/div><\/div><\/div><\/div>\n\t<div class=\"wpb_text_column wpb_content_element vc_custom_1761943721510\" >\n\t\t<div class=\"wpb_wrapper\">\n\t\t\t<p style=\"text-align: center;\"><span style=\"color: #e0e0e0;\">Union City, CA 94587<\/span><\/p>\n\n\t\t<\/div>\n\t<\/div>\n<\/div><\/div><\/div><\/div><div class=\"vc_row-full-width vc_clearfix\"><\/div>\n<\/div>","protected":false},"excerpt":{"rendered":"En Eve\u2019s Immigration Services, queremos que se sienta informado y seguro en cada paso de su proceso. Aqu\u00ed encontrar\u00e1 respuestas a las preguntas m\u00e1s comunes sobre nuestros servicios, tarifas y procedimientos. Servicios de Inmigraci\u00f3n\u00bfEve\u2019s Immigration Services es una oficina de abogados?No.\u00a0Eve es Consultora de Inmigraci\u00f3n Certificada, autorizada para brindar ayuda\u00a0no legal, asistiendole a completar formularios<a href=\"https:\/\/eveshelp.com\/en\/faq\/\">Continue reading <span class=\"sr-only\">\"Preguntas Frecuentes\"<\/span><\/a>","protected":false},"author":1,"featured_media":0,"parent":0,"menu_order":7,"comment_status":"closed","ping_status":"closed","template":"","meta":{"_acf_changed":false,"footnotes":""},"class_list":["post-12","page","type-page","status-publish","hentry"],"acf":[],"yoast_head":"<!-- This site is optimized with the Yoast SEO plugin v27.3 - https:\/\/yoast.com\/product\/yoast-seo-wordpress\/ -->\n<title>Preguntas Frecuentes | Eve\u2019s Immigration Services California<\/title>\n<meta name=\"description\" content=\"Resuelva sus dudas sobre tr\u00e1mites migratorios y servicios legales en California. Eve\u2019s Immigration Services responde las preguntas m\u00e1s comunes de sus clientes.\" \/>\n<meta name=\"robots\" content=\"index, follow, max-snippet:-1, max-image-preview:large, max-video-preview:-1\" \/>\n<link rel=\"canonical\" href=\"https:\/\/eveshelp.com\/en\/faq\/\" \/>\n<meta property=\"og:locale\" content=\"en_US\" \/>\n<meta property=\"og:type\" content=\"article\" \/>\n<meta property=\"og:title\" content=\"Preguntas Frecuentes | Eve\u2019s Immigration Services California\" \/>\n<meta property=\"og:description\" content=\"Resuelva sus dudas sobre tr\u00e1mites migratorios y servicios legales en California. Eve\u2019s Immigration Services responde las preguntas m\u00e1s comunes de sus clientes.\" \/>\n<meta property=\"og:url\" content=\"https:\/\/eveshelp.com\/en\/faq\/\" \/>\n<meta property=\"og:site_name\" content=\"Eve&#039;s Immigration Services\" \/>\n<meta property=\"article:modified_time\" content=\"2025-11-26T22:34:32+00:00\" \/>\n<meta name=\"twitter:card\" content=\"summary_large_image\" \/>\n<meta name=\"twitter:label1\" content=\"Est. reading time\" \/>\n\t<meta name=\"twitter:data1\" content=\"6 minutes\" \/>\n<script type=\"application\/ld+json\" class=\"yoast-schema-graph\">{\"@context\":\"https:\\\/\\\/schema.org\",\"@graph\":[{\"@type\":\"WebPage\",\"@id\":\"https:\\\/\\\/eveshelp.com\\\/faq\\\/\",\"url\":\"https:\\\/\\\/eveshelp.com\\\/faq\\\/\",\"name\":\"Preguntas Frecuentes | Eve\u2019s Immigration Services California\",\"isPartOf\":{\"@id\":\"https:\\\/\\\/eveshelp.com\\\/#website\"},\"datePublished\":\"2025-10-14T20:02:20+00:00\",\"dateModified\":\"2025-11-26T22:34:32+00:00\",\"description\":\"Resuelva sus dudas sobre tr\u00e1mites migratorios y servicios legales en California. Eve\u2019s Immigration Services responde las preguntas m\u00e1s comunes de sus clientes.\",\"breadcrumb\":{\"@id\":\"https:\\\/\\\/eveshelp.com\\\/faq\\\/#breadcrumb\"},\"inLanguage\":\"en-US\",\"potentialAction\":[{\"@type\":\"ReadAction\",\"target\":[\"https:\\\/\\\/eveshelp.com\\\/faq\\\/\"]}]},{\"@type\":\"BreadcrumbList\",\"@id\":\"https:\\\/\\\/eveshelp.com\\\/faq\\\/#breadcrumb\",\"itemListElement\":[{\"@type\":\"ListItem\",\"position\":1,\"name\":\"Home\",\"item\":\"https:\\\/\\\/eveshelp.com\\\/\"},{\"@type\":\"ListItem\",\"position\":2,\"name\":\"Preguntas Frecuentes\"}]},{\"@type\":\"WebSite\",\"@id\":\"https:\\\/\\\/eveshelp.com\\\/#website\",\"url\":\"https:\\\/\\\/eveshelp.com\\\/\",\"name\":\"Eve&#039;s Immigration Services\",\"description\":\"\",\"publisher\":{\"@id\":\"https:\\\/\\\/eveshelp.com\\\/#organization\"},\"potentialAction\":[{\"@type\":\"SearchAction\",\"target\":{\"@type\":\"EntryPoint\",\"urlTemplate\":\"https:\\\/\\\/eveshelp.com\\\/?s={search_term_string}\"},\"query-input\":{\"@type\":\"PropertyValueSpecification\",\"valueRequired\":true,\"valueName\":\"search_term_string\"}}],\"inLanguage\":\"en-US\"},{\"@type\":\"Organization\",\"@id\":\"https:\\\/\\\/eveshelp.com\\\/#organization\",\"name\":\"Eve&#039;s Immigration Services\",\"url\":\"https:\\\/\\\/eveshelp.com\\\/\",\"logo\":{\"@type\":\"ImageObject\",\"inLanguage\":\"en-US\",\"@id\":\"https:\\\/\\\/eveshelp.com\\\/#\\\/schema\\\/logo\\\/image\\\/\",\"url\":\"https:\\\/\\\/eveshelp.com\\\/wp-content\\\/uploads\\\/sites\\\/27\\\/2025\\\/10\\\/eves-logo.jpg\",\"contentUrl\":\"https:\\\/\\\/eveshelp.com\\\/wp-content\\\/uploads\\\/sites\\\/27\\\/2025\\\/10\\\/eves-logo.jpg\",\"width\":1500,\"height\":763,\"caption\":\"Eve&#039;s Immigration Services\"},\"image\":{\"@id\":\"https:\\\/\\\/eveshelp.com\\\/#\\\/schema\\\/logo\\\/image\\\/\"}}]}<\/script>\n<!-- \/ Yoast SEO plugin. -->","yoast_head_json":{"title":"Preguntas Frecuentes | Eve\u2019s Immigration Services California","description":"Resuelva sus dudas sobre tr\u00e1mites migratorios y servicios legales en California. Eve\u2019s Immigration Services responde las preguntas m\u00e1s comunes de sus clientes.","robots":{"index":"index","follow":"follow","max-snippet":"max-snippet:-1","max-image-preview":"max-image-preview:large","max-video-preview":"max-video-preview:-1"},"canonical":"https:\/\/eveshelp.com\/en\/faq\/","og_locale":"en_US","og_type":"article","og_title":"Preguntas Frecuentes | Eve\u2019s Immigration Services California","og_description":"Resuelva sus dudas sobre tr\u00e1mites migratorios y servicios legales en California. Eve\u2019s Immigration Services responde las preguntas m\u00e1s comunes de sus clientes.","og_url":"https:\/\/eveshelp.com\/en\/faq\/","og_site_name":"Eve&#039;s Immigration Services","article_modified_time":"2025-11-26T22:34:32+00:00","twitter_card":"summary_large_image","twitter_misc":{"Est. reading time":"6 minutes"},"schema":{"@context":"https:\/\/schema.org","@graph":[{"@type":"WebPage","@id":"https:\/\/eveshelp.com\/faq\/","url":"https:\/\/eveshelp.com\/faq\/","name":"Preguntas Frecuentes | Eve\u2019s Immigration Services California","isPartOf":{"@id":"https:\/\/eveshelp.com\/#website"},"datePublished":"2025-10-14T20:02:20+00:00","dateModified":"2025-11-26T22:34:32+00:00","description":"Resuelva sus dudas sobre tr\u00e1mites migratorios y servicios legales en California. Eve\u2019s Immigration Services responde las preguntas m\u00e1s comunes de sus clientes.","breadcrumb":{"@id":"https:\/\/eveshelp.com\/faq\/#breadcrumb"},"inLanguage":"en-US","potentialAction":[{"@type":"ReadAction","target":["https:\/\/eveshelp.com\/faq\/"]}]},{"@type":"BreadcrumbList","@id":"https:\/\/eveshelp.com\/faq\/#breadcrumb","itemListElement":[{"@type":"ListItem","position":1,"name":"Home","item":"https:\/\/eveshelp.com\/"},{"@type":"ListItem","position":2,"name":"Preguntas Frecuentes"}]},{"@type":"WebSite","@id":"https:\/\/eveshelp.com\/#website","url":"https:\/\/eveshelp.com\/","name":"Eve&#039;s Immigration Services","description":"","publisher":{"@id":"https:\/\/eveshelp.com\/#organization"},"potentialAction":[{"@type":"SearchAction","target":{"@type":"EntryPoint","urlTemplate":"https:\/\/eveshelp.com\/?s={search_term_string}"},"query-input":{"@type":"PropertyValueSpecification","valueRequired":true,"valueName":"search_term_string"}}],"inLanguage":"en-US"},{"@type":"Organization","@id":"https:\/\/eveshelp.com\/#organization","name":"Eve&#039;s Immigration Services","url":"https:\/\/eveshelp.com\/","logo":{"@type":"ImageObject","inLanguage":"en-US","@id":"https:\/\/eveshelp.com\/#\/schema\/logo\/image\/","url":"https:\/\/eveshelp.com\/wp-content\/uploads\/sites\/27\/2025\/10\/eves-logo.jpg","contentUrl":"https:\/\/eveshelp.com\/wp-content\/uploads\/sites\/27\/2025\/10\/eves-logo.jpg","width":1500,"height":763,"caption":"Eve&#039;s Immigration Services"},"image":{"@id":"https:\/\/eveshelp.com\/#\/schema\/logo\/image\/"}}]}},"jetpack_sharing_enabled":true,"_links":{"self":[{"href":"https:\/\/eveshelp.com\/en\/wp-json\/wp\/v2\/pages\/12","targetHints":{"allow":["GET"]}}],"collection":[{"href":"https:\/\/eveshelp.com\/en\/wp-json\/wp\/v2\/pages"}],"about":[{"href":"https:\/\/eveshelp.com\/en\/wp-json\/wp\/v2\/types\/page"}],"author":[{"embeddable":true,"href":"https:\/\/eveshelp.com\/en\/wp-json\/wp\/v2\/users\/1"}],"replies":[{"embeddable":true,"href":"https:\/\/eveshelp.com\/en\/wp-json\/wp\/v2\/comments?post=12"}],"version-history":[{"count":0,"href":"https:\/\/eveshelp.com\/en\/wp-json\/wp\/v2\/pages\/12\/revisions"}],"wp:attachment":[{"href":"https:\/\/eveshelp.com\/en\/wp-json\/wp\/v2\/media?parent=12"}],"curies":[{"name":"wp","href":"https:\/\/api.w.org\/{rel}","templated":true}]}}